{"id":6904,"date":"2024-05-29T11:04:12","date_gmt":"2024-05-29T11:04:12","guid":{"rendered":"https:\/\/euroroal.hr\/heim\/"},"modified":"2025-03-10T11:43:23","modified_gmt":"2025-03-10T11:43:23","slug":"heim","status":"publish","type":"page","link":"https:\/\/euroroal.hr\/de\/","title":{"rendered":"Heim"},"content":{"rendered":"\t\t<div data-elementor-type=\"wp-page\" data-elementor-id=\"6904\" class=\"elementor elementor-6904 elementor-85\" data-elementor-post-type=\"page\">\n\t\t\t\t<div class=\"elementor-element elementor-element-514c09ee e-con-full e-flex e-con e-parent\" data-id=\"514c09ee\" data-element_type=\"container\" data-settings=\"{&quot;background_background&quot;:&quot;video&quot;,&quot;background_video_link&quot;:&quot;https:\\\/\\\/www.youtube.com\\\/watch?v=KGly7vfcvRQ&quot;,&quot;background_play_on_mobile&quot;:&quot;yes&quot;}\">\n\t\t<div class=\"elementor-background-video-container\">\n\t\t\t\t\t\t\t<div class=\"elementor-background-video-embed\"><\/div>\n\t\t\t\t\t\t<\/div><div class=\"elementor-element elementor-element-44fa739 e-con-full e-flex elementor-invisible e-con e-child\" data-id=\"44fa739\" data-element_type=\"container\" data-settings=\"{&quot;animation&quot;:&quot;fadeInLeft&quot;}\">\n\t\t\t\t<\/div>\n\t\t<div class=\"elementor-element elementor-element-7a5cea16 e-con-full elementor-hidden-tablet elementor-hidden-mobile e-flex elementor-invisible e-con e-child\" data-id=\"7a5cea16\" data-element_type=\"container\" data-settings=\"{&quot;animation&quot;:&quot;fadeInRight&quot;}\">\n\t\t\t\t<div class=\"elementor-element elementor-element-565a5c00 elementor-widget__width-initial elementor-widget elementor-widget-spacer\" data-id=\"565a5c00\" data-element_type=\"widget\" data-widget_type=\"spacer.default\">\n\t\t\t\t<div class=\"elementor-widget-container\">\n\t\t\t\t\t\t\t<div class=\"elementor-spacer\">\n\t\t\t<div class=\"elementor-spacer-inner\"><\/div>\n\t\t<\/div>\n\t\t\t\t\t\t<\/div>\n\t\t\t\t<\/div>\n\t\t\t\t<div class=\"elementor-element elementor-element-70b9ea52 elementor-shape-circle elementor-grid-1 e-grid-align-right elementor-widget__width-initial elementor-widget elementor-widget-social-icons\" data-id=\"70b9ea52\" data-element_type=\"widget\" data-widget_type=\"social-icons.default\">\n\t\t\t\t<div class=\"elementor-widget-container\">\n\t\t\t\t\t\t\t<div class=\"elementor-social-icons-wrapper elementor-grid\">\n\t\t\t\t\t\t\t<span class=\"elementor-grid-item\">\n\t\t\t\t\t<a class=\"elementor-icon elementor-social-icon elementor-social-icon-facebook elementor-repeater-item-a4c8cf8\" href=\"https:\/\/www.facebook.com\/people\/Euro-Roal-HR\/100082234211204\/\" target=\"_blank\">\n\t\t\t\t\t\t<span class=\"elementor-screen-only\">Facebook<\/span>\n\t\t\t\t\t\t<svg class=\"e-font-icon-svg e-fab-facebook\" viewBox=\"0 0 512 512\" xmlns=\"http:\/\/www.w3.org\/2000\/svg\"><path d=\"M504 256C504 119 393 8 256 8S8 119 8 256c0 123.78 90.69 226.38 209.25 245V327.69h-63V256h63v-54.64c0-62.15 37-96.48 93.67-96.48 27.14 0 55.52 4.84 55.52 4.84v61h-31.28c-30.8 0-40.41 19.12-40.41 38.73V256h68.78l-11 71.69h-57.78V501C413.31 482.38 504 379.78 504 256z\"><\/path><\/svg>\t\t\t\t\t<\/a>\n\t\t\t\t<\/span>\n\t\t\t\t\t\t\t<span class=\"elementor-grid-item\">\n\t\t\t\t\t<a class=\"elementor-icon elementor-social-icon elementor-social-icon-instagram elementor-repeater-item-f6a40b1\" href=\"https:\/\/www.instagram.com\/euroroal.hr\/\" target=\"_blank\">\n\t\t\t\t\t\t<span class=\"elementor-screen-only\">Instagram<\/span>\n\t\t\t\t\t\t<svg class=\"e-font-icon-svg e-fab-instagram\" viewBox=\"0 0 448 512\" xmlns=\"http:\/\/www.w3.org\/2000\/svg\"><path d=\"M224.1 141c-63.6 0-114.9 51.3-114.9 114.9s51.3 114.9 114.9 114.9S339 319.5 339 255.9 287.7 141 224.1 141zm0 189.6c-41.1 0-74.7-33.5-74.7-74.7s33.5-74.7 74.7-74.7 74.7 33.5 74.7 74.7-33.6 74.7-74.7 74.7zm146.4-194.3c0 14.9-12 26.8-26.8 26.8-14.9 0-26.8-12-26.8-26.8s12-26.8 26.8-26.8 26.8 12 26.8 26.8zm76.1 27.2c-1.7-35.9-9.9-67.7-36.2-93.9-26.2-26.2-58-34.4-93.9-36.2-37-2.1-147.9-2.1-184.9 0-35.8 1.7-67.6 9.9-93.9 36.1s-34.4 58-36.2 93.9c-2.1 37-2.1 147.9 0 184.9 1.7 35.9 9.9 67.7 36.2 93.9s58 34.4 93.9 36.2c37 2.1 147.9 2.1 184.9 0 35.9-1.7 67.7-9.9 93.9-36.2 26.2-26.2 34.4-58 36.2-93.9 2.1-37 2.1-147.8 0-184.8zM398.8 388c-7.8 19.6-22.9 34.7-42.6 42.6-29.5 11.7-99.5 9-132.1 9s-102.7 2.6-132.1-9c-19.6-7.8-34.7-22.9-42.6-42.6-11.7-29.5-9-99.5-9-132.1s-2.6-102.7 9-132.1c7.8-19.6 22.9-34.7 42.6-42.6 29.5-11.7 99.5-9 132.1-9s102.7-2.6 132.1 9c19.6 7.8 34.7 22.9 42.6 42.6 11.7 29.5 9 99.5 9 132.1s2.7 102.7-9 132.1z\"><\/path><\/svg>\t\t\t\t\t<\/a>\n\t\t\t\t<\/span>\n\t\t\t\t\t\t\t<span class=\"elementor-grid-item\">\n\t\t\t\t\t<a class=\"elementor-icon elementor-social-icon elementor-social-icon-linkedin elementor-repeater-item-82105ca\" href=\"https:\/\/www.linkedin.com\/company\/euro-roal\" target=\"_blank\">\n\t\t\t\t\t\t<span class=\"elementor-screen-only\">Linkedin<\/span>\n\t\t\t\t\t\t<svg class=\"e-font-icon-svg e-fab-linkedin\" viewBox=\"0 0 448 512\" xmlns=\"http:\/\/www.w3.org\/2000\/svg\"><path d=\"M416 32H31.9C14.3 32 0 46.5 0 64.3v383.4C0 465.5 14.3 480 31.9 480H416c17.6 0 32-14.5 32-32.3V64.3c0-17.8-14.4-32.3-32-32.3zM135.4 416H69V202.2h66.5V416zm-33.2-243c-21.3 0-38.5-17.3-38.5-38.5S80.9 96 102.2 96c21.2 0 38.5 17.3 38.5 38.5 0 21.3-17.2 38.5-38.5 38.5zm282.1 243h-66.4V312c0-24.8-.5-56.7-34.5-56.7-34.6 0-39.9 27-39.9 54.9V416h-66.4V202.2h63.7v29.2h.9c8.9-16.8 30.6-34.5 62.9-34.5 67.2 0 79.7 44.3 79.7 101.9V416z\"><\/path><\/svg>\t\t\t\t\t<\/a>\n\t\t\t\t<\/span>\n\t\t\t\t\t<\/div>\n\t\t\t\t\t\t<\/div>\n\t\t\t\t<\/div>\n\t\t\t\t<div class=\"elementor-element elementor-element-261f3b18 elementor-widget__width-initial elementor-widget elementor-widget-spacer\" data-id=\"261f3b18\" data-element_type=\"widget\" data-widget_type=\"spacer.default\">\n\t\t\t\t<div class=\"elementor-widget-container\">\n\t\t\t\t\t\t\t<div class=\"elementor-spacer\">\n\t\t\t<div class=\"elementor-spacer-inner\"><\/div>\n\t\t<\/div>\n\t\t\t\t\t\t<\/div>\n\t\t\t\t<\/div>\n\t\t\t\t<\/div>\n\t\t\t\t<\/div>\n\t\t<div class=\"elementor-element elementor-element-4ce412ee e-flex e-con-boxed e-con e-parent\" data-id=\"4ce412ee\" data-element_type=\"container\">\n\t\t\t\t\t<div class=\"e-con-inner\">\n\t\t<div class=\"elementor-element elementor-element-6bf67f46 e-con-full e-flex e-con e-child\" data-id=\"6bf67f46\" data-element_type=\"container\" data-settings=\"{&quot;animation&quot;:&quot;none&quot;}\">\n\t\t\t\t<div class=\"elementor-element elementor-element-2abf292 elementor-invisible elementor-widget elementor-widget-image\" data-id=\"2abf292\" data-element_type=\"widget\" data-settings=\"{&quot;_animation&quot;:&quot;fadeInLeft&quot;}\" data-widget_type=\"image.default\">\n\t\t\t\t<div class=\"elementor-widget-container\">\n\t\t\t\t\t\t\t\t\t\t\t\t\t\t\t<img fetchpriority=\"high\" decoding=\"async\" width=\"1024\" height=\"552\" src=\"https:\/\/euroroal.hr\/wp-content\/uploads\/2025\/03\/pocetna-1.jpg\" class=\"attachment-full size-full wp-image-4939\" alt=\"\" srcset=\"https:\/\/euroroal.hr\/wp-content\/uploads\/2025\/03\/pocetna-1.jpg 1024w, https:\/\/euroroal.hr\/wp-content\/uploads\/2025\/03\/pocetna-1-300x162.jpg 300w, https:\/\/euroroal.hr\/wp-content\/uploads\/2025\/03\/pocetna-1-768x414.jpg 768w\" sizes=\"(max-width: 1024px) 100vw, 1024px\" \/>\t\t\t\t\t\t\t\t\t\t\t\t\t\t\t<\/div>\n\t\t\t\t<\/div>\n\t\t\t\t<div class=\"elementor-element elementor-element-4d73c00c elementor-invisible elementor-widget elementor-widget-image\" data-id=\"4d73c00c\" data-element_type=\"widget\" data-settings=\"{&quot;_animation&quot;:&quot;fadeInLeft&quot;,&quot;_animation_delay&quot;:600}\" data-widget_type=\"image.default\">\n\t\t\t\t<div class=\"elementor-widget-container\">\n\t\t\t\t\t\t\t\t\t\t\t\t\t\t\t<img decoding=\"async\" width=\"2560\" height=\"1416\" src=\"https:\/\/euroroal.hr\/wp-content\/uploads\/2025\/03\/odjeli-01-scaled.jpg\" class=\"attachment-full size-full wp-image-4928\" alt=\"\" srcset=\"https:\/\/euroroal.hr\/wp-content\/uploads\/2025\/03\/odjeli-01-scaled.jpg 2560w, https:\/\/euroroal.hr\/wp-content\/uploads\/2025\/03\/odjeli-01-300x166.jpg 300w, https:\/\/euroroal.hr\/wp-content\/uploads\/2025\/03\/odjeli-01-1024x566.jpg 1024w, https:\/\/euroroal.hr\/wp-content\/uploads\/2025\/03\/odjeli-01-768x425.jpg 768w, https:\/\/euroroal.hr\/wp-content\/uploads\/2025\/03\/odjeli-01-1536x850.jpg 1536w, https:\/\/euroroal.hr\/wp-content\/uploads\/2025\/03\/odjeli-01-2048x1133.jpg 2048w\" sizes=\"(max-width: 2560px) 100vw, 2560px\" \/>\t\t\t\t\t\t\t\t\t\t\t\t\t\t\t<\/div>\n\t\t\t\t<\/div>\n\t\t\t\t<\/div>\n\t\t<div class=\"elementor-element elementor-element-4ab0efae e-con-full e-flex elementor-invisible e-con e-child\" data-id=\"4ab0efae\" data-element_type=\"container\" data-settings=\"{&quot;animation&quot;:&quot;fadeInRight&quot;}\">\n\t\t\t\t<div class=\"elementor-element elementor-element-58f5d8b6 elementor-widget elementor-widget-heading\" data-id=\"58f5d8b6\" data-element_type=\"widget\" data-widget_type=\"heading.default\">\n\t\t\t\t<div class=\"elementor-widget-container\">\n\t\t\t\t\t<div class=\"elementor-heading-title elementor-size-default\">\u00fcber uns<\/div>\t\t\t\t<\/div>\n\t\t\t\t<\/div>\n\t\t\t\t<div class=\"elementor-element elementor-element-6df50cd6 elementor-widget elementor-widget-heading\" data-id=\"6df50cd6\" data-element_type=\"widget\" data-widget_type=\"heading.default\">\n\t\t\t\t<div class=\"elementor-widget-container\">\n\t\t\t\t\t<h2 class=\"elementor-heading-title elementor-size-default\">Wir glauben voll und ganz an Qualit\u00e4t.<\/h2>\t\t\t\t<\/div>\n\t\t\t\t<\/div>\n\t\t\t\t<div class=\"elementor-element elementor-element-65b80325 elementor-widget elementor-widget-text-editor\" data-id=\"65b80325\" data-element_type=\"widget\" data-widget_type=\"text-editor.default\">\n\t\t\t\t<div class=\"elementor-widget-container\">\n\t\t\t\t\t\t\t\t\t<p>Das Unternehmen Euro Roal doo Doboj Jug ist auf dem Markt in Bosnien und Herzegowina als einer der f\u00fchrenden Vertriebsh\u00e4ndler f\u00fcr Architektur- und Bausysteme sowie Nichteisenmetalle f\u00fcr industrielle Zwecke anerkannt.<\/p><p>Das Unternehmen Euro-Roal doo Doboj Jug ist Mitglied der Gruppe HIFA-OIL doo Te\u0161anj.<\/p><p>Euro Roal hat sein Gesch\u00e4ft in zwei Richtungen diversifiziert.<\/p><p>Die erste Kategorie umfasst den Verkauf von \u201eIndustriesortimenten an Nichteisenmetallen\u201c. Die zweite Richtung ist der Verkauf von \u201eArchitektur- und Bausortimenten und -systemen\u201c. <\/p>\t\t\t\t\t\t\t\t<\/div>\n\t\t\t\t<\/div>\n\t\t\t\t<div class=\"elementor-element elementor-element-25904c6c elementor-widget elementor-widget-text-editor\" data-id=\"25904c6c\" data-element_type=\"widget\" data-widget_type=\"text-editor.default\">\n\t\t\t\t<div class=\"elementor-widget-container\">\n\t\t\t\t\t\t\t\t\t<p>Schenken Sie uns Ihr Vertrauen.<\/p>\t\t\t\t\t\t\t\t<\/div>\n\t\t\t\t<\/div>\n\t\t<div class=\"elementor-element elementor-element-74955c4b e-con-full e-flex e-con e-child\" data-id=\"74955c4b\" data-element_type=\"container\">\n\t\t\t\t<div class=\"elementor-element elementor-element-fb7e910 elementor-widget__width-initial elementor-invisible elementor-widget elementor-widget-image\" data-id=\"fb7e910\" data-element_type=\"widget\" data-settings=\"{&quot;_animation&quot;:&quot;fadeInLeft&quot;}\" data-widget_type=\"image.default\">\n\t\t\t\t<div class=\"elementor-widget-container\">\n\t\t\t\t\t\t\t\t\t\t\t\t\t\t\t<img decoding=\"async\" src=\"https:\/\/euroroal.hr\/wp-content\/uploads\/2024\/12\/100-najvecih-ER-2022.png\" title=\"100-najvecih-ER-2022\" alt=\"100-najvecih-ER-2022\" loading=\"lazy\" \/>\t\t\t\t\t\t\t\t\t\t\t\t\t\t\t<\/div>\n\t\t\t\t<\/div>\n\t\t\t\t<div class=\"elementor-element elementor-element-5bb44e2c elementor-widget elementor-widget-button\" data-id=\"5bb44e2c\" data-element_type=\"widget\" data-widget_type=\"button.default\">\n\t\t\t\t<div class=\"elementor-widget-container\">\n\t\t\t\t\t\t\t\t\t<div class=\"elementor-button-wrapper\">\n\t\t\t\t\t<a class=\"elementor-button elementor-button-link elementor-size-sm elementor-animation-skew\" href=\"https:\/\/euroroal.hr\/de\/ueber-uns\/\">\n\t\t\t\t\t\t<span class=\"elementor-button-content-wrapper\">\n\t\t\t\t\t\t\t\t\t<span class=\"elementor-button-text\">Mehr \u00fcber uns<\/span>\n\t\t\t\t\t<\/span>\n\t\t\t\t\t<\/a>\n\t\t\t\t<\/div>\n\t\t\t\t\t\t\t\t<\/div>\n\t\t\t\t<\/div>\n\t\t\t\t<\/div>\n\t\t\t\t<\/div>\n\t\t\t\t\t<\/div>\n\t\t\t\t<\/div>\n\t\t<div class=\"elementor-element elementor-element-623a19fd e-flex e-con-boxed e-con e-parent\" data-id=\"623a19fd\" data-element_type=\"container\">\n\t\t\t\t\t<div class=\"e-con-inner\">\n\t\t<div class=\"elementor-element elementor-element-550cf6e8 e-con-full e-flex elementor-invisible e-con e-child\" data-id=\"550cf6e8\" data-element_type=\"container\" data-settings=\"{&quot;animation&quot;:&quot;fadeInLeft&quot;}\">\n\t\t\t\t<div class=\"elementor-element elementor-element-59133be6 elementor-widget elementor-widget-heading\" data-id=\"59133be6\" data-element_type=\"widget\" data-widget_type=\"heading.default\">\n\t\t\t\t<div class=\"elementor-widget-container\">\n\t\t\t\t\t<div class=\"elementor-heading-title elementor-size-default\">Vision Mission Ziel<\/div>\t\t\t\t<\/div>\n\t\t\t\t<\/div>\n\t\t\t\t<div class=\"elementor-element elementor-element-63672ae0 elementor-widget elementor-widget-heading\" data-id=\"63672ae0\" data-element_type=\"widget\" data-widget_type=\"heading.default\">\n\t\t\t\t<div class=\"elementor-widget-container\">\n\t\t\t\t\t<h2 class=\"elementor-heading-title elementor-size-default\">Fahrplan f\u00fcr eine bessere Zukunft<\/h2>\t\t\t\t<\/div>\n\t\t\t\t<\/div>\n\t\t\t\t<div class=\"elementor-element elementor-element-5b419e94 elementor-position-left elementor-view-default elementor-mobile-position-top elementor-vertical-align-top elementor-widget elementor-widget-icon-box\" data-id=\"5b419e94\" data-element_type=\"widget\" data-widget_type=\"icon-box.default\">\n\t\t\t\t<div class=\"elementor-widget-container\">\n\t\t\t\t\t\t\t<div class=\"elementor-icon-box-wrapper\">\n\n\t\t\t\t\t\t<div class=\"elementor-icon-box-icon\">\n\t\t\t\t<span  class=\"elementor-icon\">\n\t\t\t\t<svg aria-hidden=\"true\" class=\"e-font-icon-svg e-far-eye\" viewBox=\"0 0 576 512\" xmlns=\"http:\/\/www.w3.org\/2000\/svg\"><path d=\"M288 144a110.94 110.94 0 0 0-31.24 5 55.4 55.4 0 0 1 7.24 27 56 56 0 0 1-56 56 55.4 55.4 0 0 1-27-7.24A111.71 111.71 0 1 0 288 144zm284.52 97.4C518.29 135.59 410.93 64 288 64S57.68 135.64 3.48 241.41a32.35 32.35 0 0 0 0 29.19C57.71 376.41 165.07 448 288 448s230.32-71.64 284.52-177.41a32.35 32.35 0 0 0 0-29.19zM288 400c-98.65 0-189.09-55-237.93-144C98.91 167 189.34 112 288 112s189.09 55 237.93 144C477.1 345 386.66 400 288 400z\"><\/path><\/svg>\t\t\t\t<\/span>\n\t\t\t<\/div>\n\t\t\t\n\t\t\t\t\t\t<div class=\"elementor-icon-box-content\">\n\n\t\t\t\t\t\t\t\t\t<h4 class=\"elementor-icon-box-title\">\n\t\t\t\t\t\t<span  >\n\t\t\t\t\t\t\tUnsere Vision\t\t\t\t\t\t<\/span>\n\t\t\t\t\t<\/h4>\n\t\t\t\t\n\t\t\t\t\t\t\t\t\t<p class=\"elementor-icon-box-description\">\n\t\t\t\t\t\tPVC LB m\u00f6chte ein regionaler Marktf\u00fchrer im Bereich Lieferung und Vertrieb von Architektur- und Industrieprofilen aus Aluminium sein. Profile, Edelstahlmaterialien, Polycarbonat, Plexiglas, Forex, Beschl\u00e4ge f\u00fcr ALU- und PVC-Systeme, WPC-Terrassendielen und Sektionaltore! \t\t\t\t\t<\/p>\n\t\t\t\t\n\t\t\t<\/div>\n\t\t\t\n\t\t<\/div>\n\t\t\t\t\t\t<\/div>\n\t\t\t\t<\/div>\n\t\t\t\t<div class=\"elementor-element elementor-element-1e99a61d elementor-position-left elementor-view-default elementor-mobile-position-top elementor-vertical-align-top elementor-widget elementor-widget-icon-box\" data-id=\"1e99a61d\" data-element_type=\"widget\" data-widget_type=\"icon-box.default\">\n\t\t\t\t<div class=\"elementor-widget-container\">\n\t\t\t\t\t\t\t<div class=\"elementor-icon-box-wrapper\">\n\n\t\t\t\t\t\t<div class=\"elementor-icon-box-icon\">\n\t\t\t\t<span  class=\"elementor-icon\">\n\t\t\t\t<i aria-hidden=\"true\" class=\"icon icon-target-2\"><\/i>\t\t\t\t<\/span>\n\t\t\t<\/div>\n\t\t\t\n\t\t\t\t\t\t<div class=\"elementor-icon-box-content\">\n\n\t\t\t\t\t\t\t\t\t<h4 class=\"elementor-icon-box-title\">\n\t\t\t\t\t\t<span  >\n\t\t\t\t\t\t\tUnsere Mission\t\t\t\t\t\t<\/span>\n\t\t\t\t\t<\/h4>\n\t\t\t\t\n\t\t\t\t\t\t\t\t\t<p class=\"elementor-icon-box-description\">\n\t\t\t\t\t\tPartner aller Hersteller der Metallverarbeitung in der Nichteisenmetallindustrie und Hersteller im Architekturbau.\t\t\t\t\t<\/p>\n\t\t\t\t\n\t\t\t<\/div>\n\t\t\t\n\t\t<\/div>\n\t\t\t\t\t\t<\/div>\n\t\t\t\t<\/div>\n\t\t\t\t<div class=\"elementor-element elementor-element-6955959 elementor-position-left elementor-view-default elementor-mobile-position-top elementor-vertical-align-top elementor-widget elementor-widget-icon-box\" data-id=\"6955959\" data-element_type=\"widget\" data-widget_type=\"icon-box.default\">\n\t\t\t\t<div class=\"elementor-widget-container\">\n\t\t\t\t\t\t\t<div class=\"elementor-icon-box-wrapper\">\n\n\t\t\t\t\t\t<div class=\"elementor-icon-box-icon\">\n\t\t\t\t<span  class=\"elementor-icon\">\n\t\t\t\t<i aria-hidden=\"true\" class=\"icon icon-target\"><\/i>\t\t\t\t<\/span>\n\t\t\t<\/div>\n\t\t\t\n\t\t\t\t\t\t<div class=\"elementor-icon-box-content\">\n\n\t\t\t\t\t\t\t\t\t<h4 class=\"elementor-icon-box-title\">\n\t\t\t\t\t\t<span  >\n\t\t\t\t\t\t\tUnser Ziel\t\t\t\t\t\t<\/span>\n\t\t\t\t\t<\/h4>\n\t\t\t\t\n\t\t\t\t\t\t\t\t\t<p class=\"elementor-icon-box-description\">\n\t\t\t\t\t\tWir verf\u00fcgen derzeit \u00fcber einen der gr\u00f6\u00dften Lagerbest\u00e4nde an Aluminium-Architektur- und Industrieprofilen, PVC LB. Mit Profilen, Edelstahlmaterialien, Polycarbonat, Plexiglas, Forex, Beschl\u00e4gen f\u00fcr ALU- und PVC-Systeme, WPC-Terrassendielen und Sektionaltoren sowie einer breiten Palette verschiedener Profilsysteme auf dem Markt von Bosnien und Herzegowina, Kroatien und Montenegro ist es unser Ziel, dem Markt das beste Sortiment f\u00fcr Endverbraucher sowie einen schnellen und qualitativ hochwertigen Service zu bieten. \n\n\t\t\t\t\t<\/p>\n\t\t\t\t\n\t\t\t<\/div>\n\t\t\t\n\t\t<\/div>\n\t\t\t\t\t\t<\/div>\n\t\t\t\t<\/div>\n\t\t\t\t<\/div>\n\t\t<div class=\"elementor-element elementor-element-6c23556 e-con-full elementor-hidden-tablet elementor-hidden-mobile e-flex e-con e-child\" data-id=\"6c23556\" data-element_type=\"container\">\n\t\t\t\t<div class=\"elementor-element elementor-element-39e9eb69 elementor-widget__width-initial elementor-absolute elementor-invisible elementor-widget elementor-widget-spacer\" data-id=\"39e9eb69\" data-element_type=\"widget\" data-settings=\"{&quot;_position&quot;:&quot;absolute&quot;,&quot;_animation&quot;:&quot;fadeInUp&quot;}\" data-widget_type=\"spacer.default\">\n\t\t\t\t<div class=\"elementor-widget-container\">\n\t\t\t\t\t\t\t<div class=\"elementor-spacer\">\n\t\t\t<div class=\"elementor-spacer-inner\"><\/div>\n\t\t<\/div>\n\t\t\t\t\t\t<\/div>\n\t\t\t\t<\/div>\n\t\t<div class=\"elementor-element elementor-element-7b3bacaa e-con-full e-flex elementor-invisible e-con e-child\" data-id=\"7b3bacaa\" data-element_type=\"container\" data-settings=\"{&quot;background_background&quot;:&quot;classic&quot;,&quot;animation&quot;:&quot;fadeInRight&quot;,&quot;animation_delay&quot;:600}\">\n\t\t\t\t<\/div>\n\t\t\t\t<div class=\"elementor-element elementor-element-662f4 elementor-invisible elementor-widget elementor-widget-image\" data-id=\"662f4\" data-element_type=\"widget\" data-settings=\"{&quot;_animation&quot;:&quot;fadeInRight&quot;,&quot;_animation_delay&quot;:300}\" data-widget_type=\"image.default\">\n\t\t\t\t<div class=\"elementor-widget-container\">\n\t\t\t\t\t\t\t\t\t\t\t\t\t\t\t<img decoding=\"async\" width=\"938\" height=\"1407\" src=\"https:\/\/euroroal.hr\/wp-content\/uploads\/2024\/12\/100-najvecih.webp\" class=\"attachment-full size-full wp-image-2175\" alt=\"\" srcset=\"https:\/\/euroroal.hr\/wp-content\/uploads\/2024\/12\/100-najvecih.webp 938w, https:\/\/euroroal.hr\/wp-content\/uploads\/2024\/12\/100-najvecih-200x300.webp 200w, https:\/\/euroroal.hr\/wp-content\/uploads\/2024\/12\/100-najvecih-683x1024.webp 683w, https:\/\/euroroal.hr\/wp-content\/uploads\/2024\/12\/100-najvecih-768x1152.webp 768w\" sizes=\"(max-width: 938px) 100vw, 938px\" \/>\t\t\t\t\t\t\t\t\t\t\t\t\t\t\t<\/div>\n\t\t\t\t<\/div>\n\t\t\t\t<\/div>\n\t\t\t\t\t<\/div>\n\t\t\t\t<\/div>\n\t\t<div class=\"elementor-element elementor-element-93d0c7e e-flex e-con-boxed e-con e-parent\" data-id=\"93d0c7e\" data-element_type=\"container\" data-settings=\"{&quot;background_background&quot;:&quot;classic&quot;}\">\n\t\t\t\t\t<div class=\"e-con-inner\">\n\t\t<div class=\"elementor-element elementor-element-87b4408 e-con-full e-flex e-con e-child\" data-id=\"87b4408\" data-element_type=\"container\">\n\t\t<div class=\"elementor-element elementor-element-ee1587f e-con-full e-flex e-con e-child\" data-id=\"ee1587f\" data-element_type=\"container\">\n\t\t<div class=\"elementor-element elementor-element-3e05c6a e-con-full e-flex elementor-invisible e-con e-child\" data-id=\"3e05c6a\" data-element_type=\"container\" data-settings=\"{&quot;animation&quot;:&quot;fadeInUp&quot;}\">\n\t\t\t\t<div class=\"elementor-element elementor-element-4eac393 elementor-widget elementor-widget-heading\" data-id=\"4eac393\" data-element_type=\"widget\" data-widget_type=\"heading.default\">\n\t\t\t\t<div class=\"elementor-widget-container\">\n\t\t\t\t\t<div class=\"elementor-heading-title elementor-size-default\">Nachricht<\/div>\t\t\t\t<\/div>\n\t\t\t\t<\/div>\n\t\t\t\t<div class=\"elementor-element elementor-element-0fba90f elementor-widget__width-inherit elementor-widget elementor-widget-heading\" data-id=\"0fba90f\" data-element_type=\"widget\" data-widget_type=\"heading.default\">\n\t\t\t\t<div class=\"elementor-widget-container\">\n\t\t\t\t\t<h2 class=\"elementor-heading-title elementor-size-default\">Aktuelle Neuigkeiten<\/h2>\t\t\t\t<\/div>\n\t\t\t\t<\/div>\n\t\t\t\t<\/div>\n\t\t<div class=\"elementor-element elementor-element-30938ee e-flex e-con-boxed e-con e-child\" data-id=\"30938ee\" data-element_type=\"container\">\n\t\t\t\t\t<div class=\"e-con-inner\">\n\t\t\t\t<div class=\"elementor-element elementor-element-e31d81b elementor-widget elementor-widget-button\" data-id=\"e31d81b\" data-element_type=\"widget\" data-widget_type=\"button.default\">\n\t\t\t\t<div class=\"elementor-widget-container\">\n\t\t\t\t\t\t\t\t\t<div class=\"elementor-button-wrapper\">\n\t\t\t\t\t<a class=\"elementor-button elementor-button-link elementor-size-sm elementor-animation-skew\" href=\"https:\/\/euroroal.hr\/de\/nachricht\/\">\n\t\t\t\t\t\t<span class=\"elementor-button-content-wrapper\">\n\t\t\t\t\t\t\t\t\t<span class=\"elementor-button-text\">Nachrichten anzeigen<\/span>\n\t\t\t\t\t<\/span>\n\t\t\t\t\t<\/a>\n\t\t\t\t<\/div>\n\t\t\t\t\t\t\t\t<\/div>\n\t\t\t\t<\/div>\n\t\t\t\t\t<\/div>\n\t\t\t\t<\/div>\n\t\t\t\t<\/div>\n\t\t\t\t<\/div>\n\t\t\t\t\t<\/div>\n\t\t\t\t<\/div>\n\t\t\t\t<\/div>\n\t\t","protected":false},"excerpt":{"rendered":"<p>Facebook Instagram Linkedin \u00fcber uns Wir glauben voll und ganz an Qualit\u00e4t. Das Unternehmen Euro Roal doo Doboj Jug ist auf dem Markt in Bosnien und Herzegowina als einer der f\u00fchrenden Vertriebsh\u00e4ndler f\u00fcr Architektur- und Bausysteme sowie Nichteisenmetalle f\u00fcr industrielle Zwecke anerkannt. Das Unternehmen Euro-Roal doo Doboj Jug ist Mitglied der Gruppe HIFA-OIL doo Te\u0161anj. [&hellip;]<\/p>\n","protected":false},"author":1,"featured_media":0,"parent":0,"menu_order":0,"comment_status":"closed","ping_status":"closed","template":"elementor_header_footer","meta":{"footnotes":""},"class_list":["post-6904","page","type-page","status-publish","hentry"],"_links":{"self":[{"href":"https:\/\/euroroal.hr\/de\/wp-json\/wp\/v2\/pages\/6904","targetHints":{"allow":["GET"]}}],"collection":[{"href":"https:\/\/euroroal.hr\/de\/wp-json\/wp\/v2\/pages"}],"about":[{"href":"https:\/\/euroroal.hr\/de\/wp-json\/wp\/v2\/types\/page"}],"author":[{"embeddable":true,"href":"https:\/\/euroroal.hr\/de\/wp-json\/wp\/v2\/users\/1"}],"replies":[{"embeddable":true,"href":"https:\/\/euroroal.hr\/de\/wp-json\/wp\/v2\/comments?post=6904"}],"version-history":[{"count":6,"href":"https:\/\/euroroal.hr\/de\/wp-json\/wp\/v2\/pages\/6904\/revisions"}],"predecessor-version":[{"id":8272,"href":"https:\/\/euroroal.hr\/de\/wp-json\/wp\/v2\/pages\/6904\/revisions\/8272"}],"wp:attachment":[{"href":"https:\/\/euroroal.hr\/de\/wp-json\/wp\/v2\/media?parent=6904"}],"curies":[{"name":"wp","href":"https:\/\/api.w.org\/{rel}","templated":true}]}}